{"id":2,"date":"2023-02-14T13:16:07","date_gmt":"2023-02-14T12:16:07","guid":{"rendered":"http:\/\/mariachisoldeoriente.com\/?page_id=2"},"modified":"2023-03-12T18:19:09","modified_gmt":"2023-03-12T17:19:09","slug":"sample-page","status":"publish","type":"page","link":"https:\/\/mariachisoldeoriente.com\/es\/","title":{"rendered":"Inicio"},"content":{"rendered":"<div data-elementor-type=\"wp-page\" data-elementor-id=\"2\" class=\"elementor elementor-2\">\n\t\t\t\t\t\t\t\t\t<section class=\"elementor-section elementor-top-section elementor-element elementor-element-5f2d7ab1 elementor-section-boxed elementor-section-height-default elementor-section-height-default\" data-id=\"5f2d7ab1\" data-element_type=\"section\">\n\t\t\t\t\t\t<div class=\"elementor-container elementor-column-gap-default\">\n\t\t\t\t\t<div class=\"elementor-column elementor-col-100 elementor-top-column elementor-element elementor-element-6ff56337\" data-id=\"6ff56337\" data-element_type=\"column\">\n\t\t\t<div class=\"elementor-widget-wrap elementor-element-populated\">\n\t\t\t\t\t\t\t\t<div class=\"elementor-element elementor-element-12848270 elementor-widget elementor-widget-text-editor\" data-id=\"12848270\" data-element_type=\"widget\" data-widget_type=\"text-editor.default\">\n\t\t\t\t<div class=\"elementor-widget-container\">\n\t\t\t<style>\/*! elementor - v3.12.0 - 29-03-2023 *\/\n.elementor-widget-text-editor.elementor-drop-cap-view-stacked .elementor-drop-cap{background-color:#69727d;color:#fff}.elementor-widget-text-editor.elementor-drop-cap-view-framed .elementor-drop-cap{color:#69727d;border:3px solid;background-color:transparent}.elementor-widget-text-editor:not(.elementor-drop-cap-view-default) .elementor-drop-cap{margin-top:8px}.elementor-widget-text-editor:not(.elementor-drop-cap-view-default) .elementor-drop-cap-letter{width:1em;height:1em}.elementor-widget-text-editor .elementor-drop-cap{float:left;text-align:center;line-height:1;font-size:50px}.elementor-widget-text-editor .elementor-drop-cap-letter{display:inline-block}<\/style>\t\t\t\t<p style=\"text-align: left;\"><span style=\"color: #4d4c4c; font-family: Gordita; font-size: 14px; letter-spacing: normal;\">La\u00a0<\/span><strong style=\"font-family: Gordita; padding: 0px; margin: 0px; -webkit-font-smoothing: antialiased; color: #4d4c4c; font-size: 14px; letter-spacing: normal;\">musica mejicana<\/strong><span style=\"color: #4d4c4c; font-family: Gordita; font-size: 14px; letter-spacing: normal;\">\u00a0posee un renombre que se ha extendido m\u00e1s all\u00e1 de sus fronteras y los\u00a0<\/span><strong style=\"font-family: Gordita; padding: 0px; margin: 0px; -webkit-font-smoothing: antialiased; color: #4d4c4c; font-size: 14px; letter-spacing: normal;\">mariachis<\/strong><span style=\"color: #4d4c4c; font-family: Gordita; font-size: 14px; letter-spacing: normal;\">\u00a0(grupo de musica que toca esta m\u00fasica) se han transformado en\u00a0<\/span><strong style=\"font-family: Gordita; padding: 0px; margin: 0px; -webkit-font-smoothing: antialiased; color: #4d4c4c; font-size: 14px; letter-spacing: normal;\">embajadores folkloricos<\/strong><span style=\"color: #4d4c4c; font-family: Gordita; font-size: 14px; letter-spacing: normal;\">\u00a0que llevan consigo su arte su cultura alrededor del mundo. Los mariachis, como las tortillas de ma\u00edz, las piramides de Teotihuacan o el tequila, constituyen<\/span><strong style=\"font-family: Gordita; padding: 0px; margin: 0px; -webkit-font-smoothing: antialiased; color: #4d4c4c; font-size: 14px; letter-spacing: normal;\">el alma<\/strong><span style=\"color: #4d4c4c; font-family: Gordita; font-size: 14px; letter-spacing: normal;\">\u00a0de la cultura mejicana impregnando la historia, los rituales y las costumbres.<\/span><\/p><p><span style=\"color: #4d4c4c; font-family: Gordita; font-size: 14px; letter-spacing: normal;\">El mariachis\u00a0<b>Sol de Oriente<\/b> esta compuesto por <b>5<\/b> <b>m\u00fasicos <\/b>apasionados por el mestizaje de los ritmos y melodias de este genero musical. Proponemos para vuestros\u00a0<\/span><span style=\"font-weight: var( --e-global-typography-text-font-weight ); box-sizing: inherit; margin: 0px; padding: 0px; border: 0px; font-size: 15px; color: #808080; font-family: Ubuntu; letter-spacing: normal;\"><span style=\"color: #333333;\">matrimonios, aniversarios, serenatas, fiestas privadas, aperitivos, restaurantes, entre otros\u00a0<\/span><\/span><span style=\"color: #4d4c4c; font-family: Gordita; font-size: 14px; letter-spacing: normal;\">un repertorio variado de los diferentes estilos (Rancheras, Corridos, Boleros rancheros, Huapangos, Sones, etc.).<\/span><\/p>\t\t\t\t\t\t<\/div>\n\t\t\t\t<\/div>\n\t\t\t\t\t<\/div>\n\t\t<\/div>\n\t\t\t\t\t\t\t<\/div>\n\t\t<\/section>\n\t\t\t\t\t\t\t<\/div>","protected":false},"excerpt":{"rendered":"<p>La\u00a0musique mexicaine\u00a0poss\u00e8de une renomm\u00e9e qui s\u2019est \u00e9tendue bien au-del\u00e0 de ses fronti\u00e8res et les\u00a0mariachis\u00a0(la bande de musiciens qui joue cette [&hellip;]<\/p>","protected":false},"author":1,"featured_media":0,"parent":0,"menu_order":0,"comment_status":"closed","ping_status":"closed","template":"","meta":{"footnotes":""},"class_list":["post-2","page","type-page","status-publish","hentry"],"_links":{"self":[{"href":"https:\/\/mariachisoldeoriente.com\/es\/wp-json\/wp\/v2\/pages\/2"}],"collection":[{"href":"https:\/\/mariachisoldeoriente.com\/es\/wp-json\/wp\/v2\/pages"}],"about":[{"href":"https:\/\/mariachisoldeoriente.com\/es\/wp-json\/wp\/v2\/types\/page"}],"author":[{"embeddable":true,"href":"https:\/\/mariachisoldeoriente.com\/es\/wp-json\/wp\/v2\/users\/1"}],"replies":[{"embeddable":true,"href":"https:\/\/mariachisoldeoriente.com\/es\/wp-json\/wp\/v2\/comments?post=2"}],"version-history":[{"count":50,"href":"https:\/\/mariachisoldeoriente.com\/es\/wp-json\/wp\/v2\/pages\/2\/revisions"}],"predecessor-version":[{"id":253,"href":"https:\/\/mariachisoldeoriente.com\/es\/wp-json\/wp\/v2\/pages\/2\/revisions\/253"}],"wp:attachment":[{"href":"https:\/\/mariachisoldeoriente.com\/es\/wp-json\/wp\/v2\/media?parent=2"}],"curies":[{"name":"wp","href":"https:\/\/api.w.org\/{rel}","templated":true}]}}